{"id":1251,"date":"2024-03-28T14:05:17","date_gmt":"2024-03-28T14:05:17","guid":{"rendered":"https:\/\/orbius.premiumthemes.in\/?page_id=1251"},"modified":"2025-01-18T09:40:20","modified_gmt":"2025-01-18T09:40:20","slug":"portfolio-metro","status":"publish","type":"page","link":"https:\/\/teodesign.cloud\/hu\/portfolio-metro\/","title":{"rendered":"portfolio metro"},"content":{"rendered":"<div data-elementor-type=\"wp-page\" data-elementor-id=\"1251\" class=\"elementor elementor-1251\" data-elementor-post-type=\"page\">\n\t\t\t\t<div class=\"elementor-element elementor-element-7683c1a6 e-con-full e-flex e-con e-parent\" data-id=\"7683c1a6\" data-element_type=\"container\" data-e-type=\"container\" data-settings=\"{&quot;mk_ext_is_sticky&quot;:&quot;false&quot;}\">\n\t\t\t\t<div class=\"elementor-element elementor-element-4b10c14c mk-title-align--left elementor-widget elementor-widget-mk_title\" data-id=\"4b10c14c\" data-element_type=\"widget\" data-e-type=\"widget\" data-settings=\"{&quot;mk_ext_is_infinite&quot;:&quot;false&quot;,&quot;mk_ext_is_scrollme&quot;:&quot;false&quot;}\" data-widget_type=\"mk_title.default\">\n\t\t\t\t<div class=\"elementor-widget-container\">\n\t\t\t\t\t<div class=\"mk-title mk-title-default\"><h2 class=\"mk-title-heading swm-hide-none\"><span>discover our studio's captivating blend of inspired design <\/span><\/h2><\/div>\t\t\t\t<\/div>\n\t\t\t\t<\/div>\n\t\t\t\t<\/div>\n\t\t<div class=\"elementor-element elementor-element-4b5176b e-con-full e-flex e-con e-parent\" data-id=\"4b5176b\" data-element_type=\"container\" data-e-type=\"container\" data-settings=\"{&quot;mk_ext_is_sticky&quot;:&quot;false&quot;}\">\n\t\t\t\t<div class=\"elementor-element elementor-element-17fc40f2 elementor-widget elementor-widget-mk_metro_portfolio\" data-id=\"17fc40f2\" data-element_type=\"widget\" data-e-type=\"widget\" data-settings=\"{&quot;mk_ext_is_infinite&quot;:&quot;false&quot;,&quot;mk_ext_is_scrollme&quot;:&quot;false&quot;}\" data-widget_type=\"mk_metro_portfolio.default\">\n\t\t\t\t<div class=\"elementor-widget-container\">\n\t\t\t\t\t<div class=\"mk-metro-portfolio\"><div class=\"mk-metro-portfolio-item mk-metro-pf-st1\"><div class=\"mk-metro-portfolio-content\"><div class=\"mk-metro-portfolio-top\"><h4 class=\"mk-metro-portfolio-title\"><a class=\"mk-metro-pf-link\" href=\"https:\/\/teodesign.cloud\/hu\/portfolio-item\/casa-mondo-2\/\">ocean shine<\/a><\/h4><ul class=\"mk-metro-pf-services swm-hide-none\"><li>animation<\/li><li> m\u00e1rka\u00e9p\u00edt\u00e9s<\/li><li> logo design<\/li><\/ul><\/div><div class=\"mk-metro-portfolio-counter swm-hide-tablet\">01<\/div><\/div><div class=\"mk-metro-pf-image-square\"><div class=\"mk-metro-pf-image-inner mk-metro-pf-img\"><a class=\"mk-metro-pf-link\" href=\"https:\/\/teodesign.cloud\/hu\/portfolio-item\/casa-mondo-2\/\"><img fetchpriority=\"high\" decoding=\"async\" width=\"750\" height=\"748\" src=\"https:\/\/teodesign.cloud\/wp-content\/uploads\/2024\/03\/home-metro1.jpg\" class=\"attachment-mk_image_size_square size-mk_image_size_square\" alt=\"\" srcset=\"https:\/\/teodesign.cloud\/wp-content\/uploads\/2024\/03\/home-metro1.jpg 750w, https:\/\/teodesign.cloud\/wp-content\/uploads\/2024\/03\/home-metro1-300x300.jpg 300w, https:\/\/teodesign.cloud\/wp-content\/uploads\/2024\/03\/home-metro1-150x150.jpg 150w, https:\/\/teodesign.cloud\/wp-content\/uploads\/2024\/03\/home-metro1-100x100.jpg 100w\" sizes=\"(max-width: 750px) 100vw, 750px\" \/><\/a><\/div><\/div><div class=\"mk-metro-pf-image-hor\"><div class=\"mk-metro-pf-image-inner mk-metro-pf-img\"><a class=\"mk-metro-pf-link\" href=\"https:\/\/teodesign.cloud\/hu\/portfolio-item\/casa-mondo-2\/\"><img decoding=\"async\" width=\"836\" height=\"441\" src=\"https:\/\/teodesign.cloud\/wp-content\/uploads\/2024\/03\/home-metro2-1.jpg\" class=\"attachment-mk_image_size_landscape size-mk_image_size_landscape\" alt=\"\" srcset=\"https:\/\/teodesign.cloud\/wp-content\/uploads\/2024\/03\/home-metro2-1.jpg 836w, https:\/\/teodesign.cloud\/wp-content\/uploads\/2024\/03\/home-metro2-1-300x158.jpg 300w, https:\/\/teodesign.cloud\/wp-content\/uploads\/2024\/03\/home-metro2-1-768x405.jpg 768w\" sizes=\"(max-width: 836px) 100vw, 836px\" \/><\/a><\/div><\/div><div class=\"clear\"><\/div><\/div><div class=\"mk-metro-pf-separator\"><span><\/span><\/div><div class=\"mk-metro-portfolio-item mk-metro-pf-st2\"><div class=\"mk-metro-pf-image-hor\"><div class=\"mk-metro-pf-image-inner mk-metro-pf-img\"><a class=\"mk-metro-pf-link\" href=\"https:\/\/teodesign.cloud\/hu\/portfolio-item\/casa-mondo-2\/\"><img decoding=\"async\" width=\"836\" height=\"441\" src=\"https:\/\/teodesign.cloud\/wp-content\/uploads\/2024\/03\/home-metro2-2.jpg\" class=\"attachment-mk_image_size_landscape size-mk_image_size_landscape\" alt=\"\" srcset=\"https:\/\/teodesign.cloud\/wp-content\/uploads\/2024\/03\/home-metro2-2.jpg 836w, https:\/\/teodesign.cloud\/wp-content\/uploads\/2024\/03\/home-metro2-2-300x158.jpg 300w, https:\/\/teodesign.cloud\/wp-content\/uploads\/2024\/03\/home-metro2-2-768x405.jpg 768w\" sizes=\"(max-width: 836px) 100vw, 836px\" \/><\/a><\/div><\/div><div class=\"mk-metro-pf-image-square\"><div class=\"mk-metro-pf-image-inner mk-metro-pf-img\"><a class=\"mk-metro-pf-link\" href=\"https:\/\/teodesign.cloud\/hu\/portfolio-item\/casa-mondo-2\/\"><img loading=\"lazy\" decoding=\"async\" width=\"750\" height=\"748\" src=\"https:\/\/teodesign.cloud\/wp-content\/uploads\/2024\/03\/home-metro2.jpg\" class=\"attachment-mk_image_size_square size-mk_image_size_square\" alt=\"\" srcset=\"https:\/\/teodesign.cloud\/wp-content\/uploads\/2024\/03\/home-metro2.jpg 750w, https:\/\/teodesign.cloud\/wp-content\/uploads\/2024\/03\/home-metro2-300x300.jpg 300w, https:\/\/teodesign.cloud\/wp-content\/uploads\/2024\/03\/home-metro2-150x150.jpg 150w, https:\/\/teodesign.cloud\/wp-content\/uploads\/2024\/03\/home-metro2-100x100.jpg 100w\" sizes=\"(max-width: 750px) 100vw, 750px\" \/><\/a><\/div><\/div><div class=\"mk-metro-portfolio-content\"><div class=\"mk-metro-portfolio-top\"><h4 class=\"mk-metro-portfolio-title\"><a class=\"mk-metro-pf-link\" href=\"https:\/\/teodesign.cloud\/hu\/portfolio-item\/casa-mondo-2\/\">bright path<\/a><\/h4><ul class=\"mk-metro-pf-services swm-hide-none\"><li>digital art<\/li><li>marketing<\/li><li>m\u00e1rka\u00e9p\u00edt\u00e9s<\/li><\/ul><\/div><div class=\"mk-metro-portfolio-counter swm-hide-tablet\">02<\/div><\/div><div class=\"clear\"><\/div><\/div><div class=\"mk-metro-pf-separator\"><span><\/span><\/div><div class=\"mk-metro-portfolio-item mk-metro-pf-st3\"><div class=\"mk-metro-pf-image-square\"><div class=\"mk-metro-pf-image-inner mk-metro-pf-img\"><a class=\"mk-metro-pf-link\" href=\"https:\/\/teodesign.cloud\/hu\/portfolio-item\/casa-mondo-2\/\"><img loading=\"lazy\" decoding=\"async\" width=\"750\" height=\"748\" src=\"https:\/\/teodesign.cloud\/wp-content\/uploads\/2024\/03\/home-metro3.jpg\" class=\"attachment-mk_image_size_square size-mk_image_size_square\" alt=\"\" srcset=\"https:\/\/teodesign.cloud\/wp-content\/uploads\/2024\/03\/home-metro3.jpg 750w, https:\/\/teodesign.cloud\/wp-content\/uploads\/2024\/03\/home-metro3-300x300.jpg 300w, https:\/\/teodesign.cloud\/wp-content\/uploads\/2024\/03\/home-metro3-150x150.jpg 150w, https:\/\/teodesign.cloud\/wp-content\/uploads\/2024\/03\/home-metro3-100x100.jpg 100w\" sizes=\"(max-width: 750px) 100vw, 750px\" \/><\/a><\/div><\/div><div class=\"mk-metro-portfolio-content\"><div class=\"mk-metro-portfolio-top\"><h4 class=\"mk-metro-portfolio-title\"><a class=\"mk-metro-pf-link\" href=\"https:\/\/teodesign.cloud\/hu\/portfolio-item\/casa-mondo-2\/\">nova wave<\/a><\/h4><ul class=\"mk-metro-pf-services swm-hide-none\"><li>marketing<\/li><li>animation<\/li><li>printing<\/li><\/ul><\/div><div class=\"mk-metro-portfolio-counter swm-hide-tablet\">03<\/div><\/div><div class=\"mk-metro-pf-image-hor\"><div class=\"mk-metro-pf-image-inner mk-metro-pf-img\"><a class=\"mk-metro-pf-link\" href=\"https:\/\/teodesign.cloud\/hu\/portfolio-item\/casa-mondo-2\/\"><img loading=\"lazy\" decoding=\"async\" width=\"836\" height=\"441\" src=\"https:\/\/teodesign.cloud\/wp-content\/uploads\/2024\/03\/home-metro2-3.jpg\" class=\"attachment-mk_image_size_landscape size-mk_image_size_landscape\" alt=\"\" srcset=\"https:\/\/teodesign.cloud\/wp-content\/uploads\/2024\/03\/home-metro2-3.jpg 836w, https:\/\/teodesign.cloud\/wp-content\/uploads\/2024\/03\/home-metro2-3-300x158.jpg 300w, https:\/\/teodesign.cloud\/wp-content\/uploads\/2024\/03\/home-metro2-3-768x405.jpg 768w\" sizes=\"(max-width: 836px) 100vw, 836px\" \/><\/a><\/div><\/div><div class=\"clear\"><\/div><\/div><div class=\"mk-metro-pf-separator\"><span><\/span><\/div><div class=\"mk-metro-portfolio-item mk-metro-pf-st4\"><div class=\"mk-metro-pf-image-hor\"><div class=\"mk-metro-pf-image-inner mk-metro-pf-img\"><a class=\"mk-metro-pf-link\" href=\"https:\/\/teodesign.cloud\/hu\/portfolio-item\/casa-mondo-2\/\"><img loading=\"lazy\" decoding=\"async\" width=\"836\" height=\"441\" src=\"https:\/\/teodesign.cloud\/wp-content\/uploads\/2024\/03\/home-metro2-4.jpg\" class=\"attachment-mk_image_size_landscape size-mk_image_size_landscape\" alt=\"\" srcset=\"https:\/\/teodesign.cloud\/wp-content\/uploads\/2024\/03\/home-metro2-4.jpg 836w, https:\/\/teodesign.cloud\/wp-content\/uploads\/2024\/03\/home-metro2-4-300x158.jpg 300w, https:\/\/teodesign.cloud\/wp-content\/uploads\/2024\/03\/home-metro2-4-768x405.jpg 768w\" sizes=\"(max-width: 836px) 100vw, 836px\" \/><\/a><\/div><\/div><div class=\"mk-metro-portfolio-content\"><div class=\"mk-metro-portfolio-top\"><h4 class=\"mk-metro-portfolio-title\"><a class=\"mk-metro-pf-link\" href=\"https:\/\/teodesign.cloud\/hu\/portfolio-item\/casa-mondo-2\/\">urban blande<\/a><\/h4><ul class=\"mk-metro-pf-services swm-hide-none\"><li>web design<\/li><li>marketing<\/li><li>animation<\/li><\/ul><\/div><div class=\"mk-metro-portfolio-counter swm-hide-tablet\">04<\/div><\/div><div class=\"mk-metro-pf-image-square\"><div class=\"mk-metro-pf-image-inner mk-metro-pf-img\"><a class=\"mk-metro-pf-link\" href=\"https:\/\/teodesign.cloud\/hu\/portfolio-item\/casa-mondo-2\/\"><img loading=\"lazy\" decoding=\"async\" width=\"750\" height=\"748\" src=\"https:\/\/teodesign.cloud\/wp-content\/uploads\/2024\/03\/home-metro4.jpg\" class=\"attachment-mk_image_size_square size-mk_image_size_square\" alt=\"\" srcset=\"https:\/\/teodesign.cloud\/wp-content\/uploads\/2024\/03\/home-metro4.jpg 750w, https:\/\/teodesign.cloud\/wp-content\/uploads\/2024\/03\/home-metro4-300x300.jpg 300w, https:\/\/teodesign.cloud\/wp-content\/uploads\/2024\/03\/home-metro4-150x150.jpg 150w, https:\/\/teodesign.cloud\/wp-content\/uploads\/2024\/03\/home-metro4-100x100.jpg 100w\" sizes=\"(max-width: 750px) 100vw, 750px\" \/><\/a><\/div><\/div><div class=\"clear\"><\/div><\/div><div class=\"mk-metro-pf-separator\"><span><\/span><\/div><div class=\"mk-metro-portfolio-item mk-metro-pf-st1\"><div class=\"mk-metro-portfolio-content\"><div class=\"mk-metro-portfolio-top\"><h4 class=\"mk-metro-portfolio-title\"><a class=\"mk-metro-pf-link\" href=\"https:\/\/teodesign.cloud\/hu\/portfolio-item\/casa-mondo-2\/\">casa mondo<\/a><\/h4><ul class=\"mk-metro-pf-services swm-hide-none\"><li>logo design<\/li><li>animation<\/li><li>mobile app<\/li><\/ul><\/div><div class=\"mk-metro-portfolio-counter swm-hide-tablet\">05<\/div><\/div><div class=\"mk-metro-pf-image-square\"><div class=\"mk-metro-pf-image-inner mk-metro-pf-img\"><a class=\"mk-metro-pf-link\" href=\"https:\/\/teodesign.cloud\/hu\/portfolio-item\/casa-mondo-2\/\"><img loading=\"lazy\" decoding=\"async\" width=\"750\" height=\"748\" src=\"https:\/\/teodesign.cloud\/wp-content\/uploads\/2024\/03\/home-metro5.jpg\" class=\"attachment-mk_image_size_square size-mk_image_size_square\" alt=\"\" srcset=\"https:\/\/teodesign.cloud\/wp-content\/uploads\/2024\/03\/home-metro5.jpg 750w, https:\/\/teodesign.cloud\/wp-content\/uploads\/2024\/03\/home-metro5-300x300.jpg 300w, https:\/\/teodesign.cloud\/wp-content\/uploads\/2024\/03\/home-metro5-150x150.jpg 150w, https:\/\/teodesign.cloud\/wp-content\/uploads\/2024\/03\/home-metro5-100x100.jpg 100w\" sizes=\"(max-width: 750px) 100vw, 750px\" \/><\/a><\/div><\/div><div class=\"mk-metro-pf-image-hor\"><div class=\"mk-metro-pf-image-inner mk-metro-pf-img\"><a class=\"mk-metro-pf-link\" href=\"https:\/\/teodesign.cloud\/hu\/portfolio-item\/casa-mondo-2\/\"><img loading=\"lazy\" decoding=\"async\" width=\"836\" height=\"441\" src=\"https:\/\/teodesign.cloud\/wp-content\/uploads\/2024\/03\/home-metro2-5.jpg\" class=\"attachment-mk_image_size_landscape size-mk_image_size_landscape\" alt=\"\" srcset=\"https:\/\/teodesign.cloud\/wp-content\/uploads\/2024\/03\/home-metro2-5.jpg 836w, https:\/\/teodesign.cloud\/wp-content\/uploads\/2024\/03\/home-metro2-5-300x158.jpg 300w, https:\/\/teodesign.cloud\/wp-content\/uploads\/2024\/03\/home-metro2-5-768x405.jpg 768w\" sizes=\"(max-width: 836px) 100vw, 836px\" \/><\/a><\/div><\/div><div class=\"clear\"><\/div><\/div><div class=\"mk-metro-pf-separator\"><span><\/span><\/div><\/div>\t\t\t\t<\/div>\n\t\t\t\t<\/div>\n\t\t\t\t<\/div>\n\t\t\t\t<\/div>","protected":false},"excerpt":{"rendered":"<p>discover our studio&#8217;s captivating blend of inspired design ocean shine animation branding logo design 01 bright path digital art marketing branding 02 nova wave marketing animation printing 03 urban blande web design marketing animation 04 casa mondo logo design animation mobile app 05<\/p>","protected":false},"author":1,"featured_media":0,"parent":0,"menu_order":0,"comment_status":"closed","ping_status":"closed","template":"elementor_header_footer","meta":{"footnotes":""},"class_list":["post-1251","page","type-page","status-publish","hentry"],"yoast_head":"<!-- This site is optimized with the Yoast SEO plugin v27.2 - https:\/\/yoast.com\/product\/yoast-seo-wordpress\/ -->\n<title>portfolio metro - TEO - brand studio<\/title>\n<meta name=\"robots\" content=\"index, follow, max-snippet:-1, max-image-preview:large, max-video-preview:-1\" \/>\n<link rel=\"canonical\" href=\"https:\/\/teodesign.cloud\/hu\/portfolio-metro\/\" \/>\n<meta property=\"og:locale\" content=\"hu_HU\" \/>\n<meta property=\"og:type\" content=\"article\" \/>\n<meta property=\"og:title\" content=\"portfolio metro - TEO - brand studio\" \/>\n<meta property=\"og:description\" content=\"discover our studio&#8217;s captivating blend of inspired design ocean shine animation branding logo design 01 bright path digital art marketing branding 02 nova wave marketing animation printing 03 urban blande web design marketing animation 04 casa mondo logo design animation mobile app 05\" \/>\n<meta property=\"og:url\" content=\"https:\/\/teodesign.cloud\/hu\/portfolio-metro\/\" \/>\n<meta property=\"og:site_name\" content=\"TEO - brand studio\" \/>\n<meta property=\"article:modified_time\" content=\"2025-01-18T09:40:20+00:00\" \/>\n<meta property=\"og:image\" content=\"https:\/\/teodesign.cloud\/wp-content\/uploads\/2024\/03\/home-metro1.jpg\" \/>\n<meta name=\"twitter:card\" content=\"summary_large_image\" \/>\n<script type=\"application\/ld+json\" class=\"yoast-schema-graph\">{\"@context\":\"https:\/\/schema.org\",\"@graph\":[{\"@type\":\"WebPage\",\"@id\":\"https:\/\/teodesign.cloud\/portfolio-metro\/\",\"url\":\"https:\/\/teodesign.cloud\/portfolio-metro\/\",\"name\":\"portfolio metro - TEO - brand studio\",\"isPartOf\":{\"@id\":\"https:\/\/teodesign.cloud\/#website\"},\"primaryImageOfPage\":{\"@id\":\"https:\/\/teodesign.cloud\/portfolio-metro\/#primaryimage\"},\"image\":{\"@id\":\"https:\/\/teodesign.cloud\/portfolio-metro\/#primaryimage\"},\"thumbnailUrl\":\"https:\/\/teodesign.cloud\/wp-content\/uploads\/2024\/03\/home-metro1.jpg\",\"datePublished\":\"2024-03-28T14:05:17+00:00\",\"dateModified\":\"2025-01-18T09:40:20+00:00\",\"breadcrumb\":{\"@id\":\"https:\/\/teodesign.cloud\/portfolio-metro\/#breadcrumb\"},\"inLanguage\":\"hu\",\"potentialAction\":[{\"@type\":\"ReadAction\",\"target\":[\"https:\/\/teodesign.cloud\/portfolio-metro\/\"]}]},{\"@type\":\"ImageObject\",\"inLanguage\":\"hu\",\"@id\":\"https:\/\/teodesign.cloud\/portfolio-metro\/#primaryimage\",\"url\":\"https:\/\/teodesign.cloud\/wp-content\/uploads\/2024\/03\/home-metro1.jpg\",\"contentUrl\":\"https:\/\/teodesign.cloud\/wp-content\/uploads\/2024\/03\/home-metro1.jpg\"},{\"@type\":\"BreadcrumbList\",\"@id\":\"https:\/\/teodesign.cloud\/portfolio-metro\/#breadcrumb\",\"itemListElement\":[{\"@type\":\"ListItem\",\"position\":1,\"name\":\"Home\",\"item\":\"https:\/\/teodesign.cloud\/\"},{\"@type\":\"ListItem\",\"position\":2,\"name\":\"portfolio metro\"}]},{\"@type\":\"WebSite\",\"@id\":\"https:\/\/teodesign.cloud\/#website\",\"url\":\"https:\/\/teodesign.cloud\/\",\"name\":\"TEO - brand studio\",\"description\":\"The Gucci of graphic design\",\"potentialAction\":[{\"@type\":\"SearchAction\",\"target\":{\"@type\":\"EntryPoint\",\"urlTemplate\":\"https:\/\/teodesign.cloud\/?s={search_term_string}\"},\"query-input\":{\"@type\":\"PropertyValueSpecification\",\"valueRequired\":true,\"valueName\":\"search_term_string\"}}],\"inLanguage\":\"hu\"}]}<\/script>\n<!-- \/ Yoast SEO plugin. -->","yoast_head_json":{"title":"portfolio metro - TEO - brand studio","robots":{"index":"index","follow":"follow","max-snippet":"max-snippet:-1","max-image-preview":"max-image-preview:large","max-video-preview":"max-video-preview:-1"},"canonical":"https:\/\/teodesign.cloud\/hu\/portfolio-metro\/","og_locale":"hu_HU","og_type":"article","og_title":"portfolio metro - TEO - brand studio","og_description":"discover our studio&#8217;s captivating blend of inspired design ocean shine animation branding logo design 01 bright path digital art marketing branding 02 nova wave marketing animation printing 03 urban blande web design marketing animation 04 casa mondo logo design animation mobile app 05","og_url":"https:\/\/teodesign.cloud\/hu\/portfolio-metro\/","og_site_name":"TEO - brand studio","article_modified_time":"2025-01-18T09:40:20+00:00","og_image":[{"url":"https:\/\/teodesign.cloud\/wp-content\/uploads\/2024\/03\/home-metro1.jpg","type":"","width":"","height":""}],"twitter_card":"summary_large_image","schema":{"@context":"https:\/\/schema.org","@graph":[{"@type":"WebPage","@id":"https:\/\/teodesign.cloud\/portfolio-metro\/","url":"https:\/\/teodesign.cloud\/portfolio-metro\/","name":"portfolio metro - TEO - brand studio","isPartOf":{"@id":"https:\/\/teodesign.cloud\/#website"},"primaryImageOfPage":{"@id":"https:\/\/teodesign.cloud\/portfolio-metro\/#primaryimage"},"image":{"@id":"https:\/\/teodesign.cloud\/portfolio-metro\/#primaryimage"},"thumbnailUrl":"https:\/\/teodesign.cloud\/wp-content\/uploads\/2024\/03\/home-metro1.jpg","datePublished":"2024-03-28T14:05:17+00:00","dateModified":"2025-01-18T09:40:20+00:00","breadcrumb":{"@id":"https:\/\/teodesign.cloud\/portfolio-metro\/#breadcrumb"},"inLanguage":"hu","potentialAction":[{"@type":"ReadAction","target":["https:\/\/teodesign.cloud\/portfolio-metro\/"]}]},{"@type":"ImageObject","inLanguage":"hu","@id":"https:\/\/teodesign.cloud\/portfolio-metro\/#primaryimage","url":"https:\/\/teodesign.cloud\/wp-content\/uploads\/2024\/03\/home-metro1.jpg","contentUrl":"https:\/\/teodesign.cloud\/wp-content\/uploads\/2024\/03\/home-metro1.jpg"},{"@type":"BreadcrumbList","@id":"https:\/\/teodesign.cloud\/portfolio-metro\/#breadcrumb","itemListElement":[{"@type":"ListItem","position":1,"name":"Home","item":"https:\/\/teodesign.cloud\/"},{"@type":"ListItem","position":2,"name":"portfolio metro"}]},{"@type":"WebSite","@id":"https:\/\/teodesign.cloud\/#website","url":"https:\/\/teodesign.cloud\/","name":"TEO - brand studio","description":"The Gucci of graphic design","potentialAction":[{"@type":"SearchAction","target":{"@type":"EntryPoint","urlTemplate":"https:\/\/teodesign.cloud\/?s={search_term_string}"},"query-input":{"@type":"PropertyValueSpecification","valueRequired":true,"valueName":"search_term_string"}}],"inLanguage":"hu"}]}},"_links":{"self":[{"href":"https:\/\/teodesign.cloud\/hu\/wp-json\/wp\/v2\/pages\/1251","targetHints":{"allow":["GET"]}}],"collection":[{"href":"https:\/\/teodesign.cloud\/hu\/wp-json\/wp\/v2\/pages"}],"about":[{"href":"https:\/\/teodesign.cloud\/hu\/wp-json\/wp\/v2\/types\/page"}],"author":[{"embeddable":true,"href":"https:\/\/teodesign.cloud\/hu\/wp-json\/wp\/v2\/users\/1"}],"replies":[{"embeddable":true,"href":"https:\/\/teodesign.cloud\/hu\/wp-json\/wp\/v2\/comments?post=1251"}],"version-history":[{"count":1,"href":"https:\/\/teodesign.cloud\/hu\/wp-json\/wp\/v2\/pages\/1251\/revisions"}],"predecessor-version":[{"id":3262,"href":"https:\/\/teodesign.cloud\/hu\/wp-json\/wp\/v2\/pages\/1251\/revisions\/3262"}],"wp:attachment":[{"href":"https:\/\/teodesign.cloud\/hu\/wp-json\/wp\/v2\/media?parent=1251"}],"curies":[{"name":"wp","href":"https:\/\/api.w.org\/{rel}","templated":true}]}}